{"id":59447,"date":"2024-07-09T12:02:03","date_gmt":"2024-07-09T10:02:03","guid":{"rendered":"https:\/\/gieffe.elwood.agency\/?page_id=59447"},"modified":"2024-07-09T12:02:35","modified_gmt":"2024-07-09T10:02:35","slug":"cookie-policy-2","status":"publish","type":"page","link":"https:\/\/gieffe.elwood.agency\/it\/cookie-policy-2\/","title":{"rendered":"Cookie Policy"},"content":{"rendered":"\t\t<div data-elementor-type=\"wp-page\" data-elementor-id=\"59447\" class=\"elementor elementor-59447\" data-elementor-post-type=\"page\">\n\t\t\t\t<div class=\"elementor-element elementor-element-2477976 ew-container mt-5 mb-150 e-flex e-con-boxed e-con e-parent\" data-id=\"2477976\" data-element_type=\"container\">\n\t\t\t\t\t<div class=\"e-con-inner\">\n\t\t\t\t<div class=\"elementor-element elementor-element-fcd8294 fs-40 cormorant mb-50 elementor-widget elementor-widget-heading\" data-id=\"fcd8294\" data-element_type=\"widget\" data-widget_type=\"heading.default\">\n\t\t\t\t<div class=\"elementor-widget-container\">\n\t\t\t<style>\/*! elementor - v3.21.0 - 30-04-2024 *\/\n.elementor-heading-title{padding:0;margin:0;line-height:1}.elementor-widget-heading .elementor-heading-title[class*=elementor-size-]>a{color:inherit;font-size:inherit;line-height:inherit}.elementor-widget-heading .elementor-heading-title.elementor-size-small{font-size:15px}.elementor-widget-heading .elementor-heading-title.elementor-size-medium{font-size:19px}.elementor-widget-heading .elementor-heading-title.elementor-size-large{font-size:29px}.elementor-widget-heading .elementor-heading-title.elementor-size-xl{font-size:39px}.elementor-widget-heading .elementor-heading-title.elementor-size-xxl{font-size:59px}<\/style><div class=\"elementor-heading-title elementor-size-default\">Cookie Policy<\/div>\t\t<\/div>\n\t\t\t\t<\/div>\n\t\t\t\t<div class=\"elementor-element elementor-element-e9f9c18 elementor-widget elementor-widget-text-editor\" data-id=\"e9f9c18\" data-element_type=\"widget\" data-widget_type=\"text-editor.default\">\n\t\t\t\t<div class=\"elementor-widget-container\">\n\t\t\t<style>\/*! elementor - v3.21.0 - 30-04-2024 *\/\n.elementor-widget-text-editor.elementor-drop-cap-view-stacked .elementor-drop-cap{background-color:#69727d;color:#fff}.elementor-widget-text-editor.elementor-drop-cap-view-framed .elementor-drop-cap{color:#69727d;border:3px solid;background-color:transparent}.elementor-widget-text-editor:not(.elementor-drop-cap-view-default) .elementor-drop-cap{margin-top:8px}.elementor-widget-text-editor:not(.elementor-drop-cap-view-default) .elementor-drop-cap-letter{width:1em;height:1em}.elementor-widget-text-editor .elementor-drop-cap{float:left;text-align:center;line-height:1;font-size:50px}.elementor-widget-text-editor .elementor-drop-cap-letter{display:inline-block}<\/style>\t\t\t\t<p>GIEFFE PATRIMONI di Gerardo Festa, con sede in Via della Rocca 19, 10123 Torino (TO), P.IVA 11711100013, intende informarla in merito all\u2019utilizzo dei cookie sul sito www.gieffepatrimoni.com.<br \/><br \/>In GIEFFE PATRIMONI di Gerardo Festa, rispettiamo la Sua privacy ed apprezziamo il nostro rapporto con Lei, abbiamo quindi adeguato le policy relative a privacy e cookie.<br \/>Utilizziamo sul nostro sito Web una tecnologia per raccogliere informazioni che aiutano a migliorare la Sua esperienza cos\u00ec come i nostri servizi, infatti, i cookie che utilizziamo all\u2019interno delle pagine del nostro sito ne facilitano il funzionamento e, utilizzandolo quindi, acconsente all\u2019uso in conformit\u00e0 con la nostra informativa su privacy e cookie.<br \/>Per una comprensione pi\u00f9 dettagliata di come utilizziamo i dati personali raccolti da GIEFFE PATRIMONI di Gerardo Festa, fare riferimento alla nostra Informativa sulla privacy.<br \/><br \/>Cosa sono i cookie?<br \/>I cookie sono piccoli file contenenti piccole quantit\u00e0 di informazioni che vengono scaricate su qualsiasi dispositivo abilitato a Internet come computer, smartphone o tablet quando si visita un sito Web.<br \/>I cookie possono svolgere ruoli diversi e utili, come ad esempio velocizzare l\u2019apertura delle pagine di un sito web ed in generale, migliorano la vostra esperienza online.<br \/><br \/>Tipologie di Cookie utilizzati da questo sito<br \/>Esistono molti tipi di cookie. Per un elenco dettagliato di quelli utilizzati sul nostro sito Web, fate riferimento alle informazioni di seguito riportate.<br \/><br \/>Cookie Tecnici<br \/>Questa tipologia di cookie \u00e8 strettamente necessaria al corretto funzionamento di alcune sezioni del sito. Sono di due categorie, persistenti e di sessione:<\/p><ul><li>persistenti: una volta chiuso il browser non vengono distrutti ma rimangono fino ad una data di scadenza preimpostata;<\/li><li>di sessioni: vengono distrutti ogni volta che il browser viene chiuso.<\/li><\/ul><p><br \/><br \/>Questi cookie, inviati sempre dal nostro dominio, sono necessari a visualizzare correttamente il sito e, in relazione ai servizi tecnici offerti, verranno quindi sempre utilizzati e inviati a meno che l\u2019utenza non modifichi le impostazioni nel proprio browser (inficiando potenzialmente la visualizzazione delle pagine del sito).<br \/>Cookie di terze parti<br \/>Il nostro sito web pu\u00f2 consentire l&#8217;utilizzo di cookie di terze parti che potrebbero raccogliere informazioni sugli spostamenti dell&#8217;utente in Internet e, in particolare, nell&#8217;ambito dei nostri siti web.<br \/>I cookie di terze parti non sono sotto il nostro controllo e, pertanto, per ulteriori informazioni su come la terza parte utilizza i cookie, si consiglia di visitare il sito web della terza parte di cui qui di seguito si riportano gli indirizzi web ove presenti le diverse informative e modalit\u00e0 di gestione dei cookie terze parti:<\/p><ul><li>Policies di Google https:\/\/policies.google.com\/technologies\/cookies?hl=it<\/li><\/ul><p>Per disabilitare soltanto l&#8217;uso dei cookies di Google Analytics l&#8217;utente pu\u00f2 utilizzare il componente aggiuntivo messo a disposizione da Google al seguente collegamento seguendo la procedura di opt-out indicata da Google https:\/\/tools.google.com\/dlpage\/gaoptout?hl=it<br \/><br \/>COOKIE UTILIZZATI<br \/>_gat &#8211; www.gieffepatrimoni.com &#8211; cookie analitici &#8211; Terza parte &#8211; Di sessione<br \/>_gid &#8211; www.gieffepatrimoni.com &#8211; cookie analitici &#8211; Terza parte &#8211; Di sessione<br \/>_ga &#8211; www.gieffepatrimoni.com &#8211; cookie analitici &#8211; Terza parte &#8211; Di sessione e permanenti<br \/>has_js &#8211; www.gieffepatrimoni.com &#8211; cookie tecnico &#8211; Permanente<br \/><br \/>Come pu\u00f2 controllare o eliminare i cookie?<br \/>Esistono molti modi per gestire i cookie, ad esempio pu\u00f2 rifiutare il consenso al nostro sito web disabilitandoli dalle impostazioni del browser personali.<br \/><br \/>Controllo tramite le impostazioni del browser<br \/>La maggior parte dei browser internet sono inizialmente configurati per accettare automaticamente i cookie.<br \/>Nel caso in cui Lei non voglia che i nostri siti Web memorizzino cookie sul Suo dispositivo, pu\u00f2 modificare le impostazioni del browser in modo da ricevere un avviso prima che alcuni cookie vengano memorizzati. Pu\u00f2 anche modificare le impostazioni in modo che il browser li rifiuti ed \u00e8 inoltre possibile revocare il consenso ai cookie eliminando quelli che sono gi\u00e0 stati memorizzati.<br \/>Attenzione, disabilitare i cookie da noi utilizzati, potrebbe avere un impatto negativo sull\u2019esperienza di navigazione sul nostro sito web inficiandone la corretta visualizzazione.<br \/><br \/>Se utilizza dispositivi diversi per visualizzare e accedere al sito web gieffepatrimoni.com (ad es. computer, smartphone, tablet), \u00e8 necessario assicurarsi che ciascun browser su ciascun dispositivo sia regolato in base alle Sue preferenze sui cookie.<br \/>Le procedure per modificare le impostazioni e i cookie differiscono da browser a browser.<br \/>Se necessario, utilizzate la funzione di guida del browser o fate clic su uno dei seguenti collegamenti per accedere direttamente al manuale dell&#8217;utente del browser.<br \/>Internet Explorer\/Edge &#8211; https:\/\/support.microsoft.com\/it-it\/help\/17442\/windows-internet-explorer-delete-manage-cookies<br \/>Mozilla Firefox &#8211; https:\/\/support.mozilla.org\/it\/kb\/Attivare%20e%20disattivare%20i%20cookie<br \/>Google Chrome &#8211; https:\/\/support.google.com\/accounts\/answer\/61416?hl=en<br \/>Safari &#8211; https:\/\/support.apple.com\/kb\/ph21411?locale=it_IT<br \/>Opera &#8211; http:\/\/www.opera.com\/help\/tutorials\/security\/cookies\/<br \/><br \/>Sono disponibili sul web anche prodotti software che possono gestire i cookie per voi, di questi e del loro utilizzo non ce ne assumiamo la responsabilit\u00e0.<br \/>Per saperne di pi\u00f9 sui cookie, come ad es. vedere quali cookie sono stati impostati, come gestirli o eliminarli, visiti www.allaboutcookies.org.<\/p>\t\t\t\t\t\t<\/div>\n\t\t\t\t<\/div>\n\t\t\t\t\t<\/div>\n\t\t\t\t<\/div>\n\t\t\t\t<\/div>\n\t\t","protected":false},"excerpt":{"rendered":"<p>Cookie Policy GIEFFE PATRIMONI di Gerardo Festa, con sede in Via della Rocca 19, 10123 Torino (TO), P.IVA 11711100013, intende informarla in merito all\u2019utilizzo dei cookie sul sito www.gieffepatrimoni.com. In GIEFFE PATRIMONI di Gerardo Festa, rispettiamo la Sua privacy ed apprezziamo il nostro rapporto con Lei, abbiamo quindi adeguato le policy relative a privacy e [&hellip;]<\/p>\n","protected":false},"author":1,"featured_media":0,"parent":0,"menu_order":0,"comment_status":"closed","ping_status":"closed","template":"","meta":{"_acf_changed":false,"inline_featured_image":false,"footnotes":""},"class_list":["post-59447","page","type-page","status-publish","hentry"],"acf":[],"yoast_head":"<!-- This site is optimized with the Yoast SEO plugin v22.8 - https:\/\/yoast.com\/wordpress\/plugins\/seo\/ -->\n<title>Cookie Policy - Gieffe Patrimoni<\/title>\n<meta name=\"robots\" content=\"noindex, follow, max-snippet:-1, max-image-preview:large, max-video-preview:-1\" \/>\n<meta property=\"og:locale\" content=\"it_IT\" \/>\n<meta property=\"og:type\" content=\"article\" \/>\n<meta property=\"og:title\" content=\"Cookie Policy - Gieffe Patrimoni\" \/>\n<meta property=\"og:description\" content=\"Cookie Policy GIEFFE PATRIMONI di Gerardo Festa, con sede in Via della Rocca 19, 10123 Torino (TO), P.IVA 11711100013, intende informarla in merito all\u2019utilizzo dei cookie sul sito www.gieffepatrimoni.com. In GIEFFE PATRIMONI di Gerardo Festa, rispettiamo la Sua privacy ed apprezziamo il nostro rapporto con Lei, abbiamo quindi adeguato le policy relative a privacy e [&hellip;]\" \/>\n<meta property=\"og:url\" content=\"https:\/\/gieffe.elwood.agency\/it\/cookie-policy-2\/\" \/>\n<meta property=\"og:site_name\" content=\"Gieffe Patrimoni\" \/>\n<meta property=\"article:modified_time\" content=\"2024-07-09T10:02:35+00:00\" \/>\n<meta name=\"twitter:card\" content=\"summary_large_image\" \/>\n<meta name=\"twitter:label1\" content=\"Tempo di lettura stimato\" \/>\n\t<meta name=\"twitter:data1\" content=\"5 minuti\" \/>\n<script type=\"application\/ld+json\" class=\"yoast-schema-graph\">{\"@context\":\"https:\/\/schema.org\",\"@graph\":[{\"@type\":\"WebPage\",\"@id\":\"https:\/\/gieffe.elwood.agency\/it\/cookie-policy-2\/\",\"url\":\"https:\/\/gieffe.elwood.agency\/it\/cookie-policy-2\/\",\"name\":\"Cookie Policy - Gieffe Patrimoni\",\"isPartOf\":{\"@id\":\"https:\/\/gieffe.elwood.agency\/it\/#website\"},\"datePublished\":\"2024-07-09T10:02:03+00:00\",\"dateModified\":\"2024-07-09T10:02:35+00:00\",\"breadcrumb\":{\"@id\":\"https:\/\/gieffe.elwood.agency\/it\/cookie-policy-2\/#breadcrumb\"},\"inLanguage\":\"it-IT\",\"potentialAction\":[{\"@type\":\"ReadAction\",\"target\":[\"https:\/\/gieffe.elwood.agency\/it\/cookie-policy-2\/\"]}]},{\"@type\":\"BreadcrumbList\",\"@id\":\"https:\/\/gieffe.elwood.agency\/it\/cookie-policy-2\/#breadcrumb\",\"itemListElement\":[{\"@type\":\"ListItem\",\"position\":1,\"name\":\"Gieffe Patrimoni\",\"item\":\"https:\/\/gieffe.elwood.agency\/it\/\"},{\"@type\":\"ListItem\",\"position\":2,\"name\":\"Cookie Policy\"}]},{\"@type\":\"WebSite\",\"@id\":\"https:\/\/gieffe.elwood.agency\/it\/#website\",\"url\":\"https:\/\/gieffe.elwood.agency\/it\/\",\"name\":\"Gieffe Patrimoni\",\"description\":\"\",\"publisher\":{\"@id\":\"https:\/\/gieffe.elwood.agency\/it\/#organization\"},\"potentialAction\":[{\"@type\":\"SearchAction\",\"target\":{\"@type\":\"EntryPoint\",\"urlTemplate\":\"https:\/\/gieffe.elwood.agency\/it\/?s={search_term_string}\"},\"query-input\":\"required name=search_term_string\"}],\"inLanguage\":\"it-IT\"},{\"@type\":\"Organization\",\"@id\":\"https:\/\/gieffe.elwood.agency\/it\/#organization\",\"name\":\"Gieffe Patrimoni\",\"url\":\"https:\/\/gieffe.elwood.agency\/it\/\",\"logo\":{\"@type\":\"ImageObject\",\"inLanguage\":\"it-IT\",\"@id\":\"https:\/\/gieffe.elwood.agency\/it\/#\/schema\/logo\/image\/\",\"url\":\"https:\/\/gieffe.elwood.agency\/wp-content\/uploads\/2024\/04\/logo-1.svg\",\"contentUrl\":\"https:\/\/gieffe.elwood.agency\/wp-content\/uploads\/2024\/04\/logo-1.svg\",\"width\":344,\"height\":78,\"caption\":\"Gieffe Patrimoni\"},\"image\":{\"@id\":\"https:\/\/gieffe.elwood.agency\/it\/#\/schema\/logo\/image\/\"}}]}<\/script>\n<!-- \/ Yoast SEO plugin. -->","yoast_head_json":{"title":"Cookie Policy - Gieffe Patrimoni","robots":{"index":"noindex","follow":"follow","max-snippet":"max-snippet:-1","max-image-preview":"max-image-preview:large","max-video-preview":"max-video-preview:-1"},"og_locale":"it_IT","og_type":"article","og_title":"Cookie Policy - Gieffe Patrimoni","og_description":"Cookie Policy GIEFFE PATRIMONI di Gerardo Festa, con sede in Via della Rocca 19, 10123 Torino (TO), P.IVA 11711100013, intende informarla in merito all\u2019utilizzo dei cookie sul sito www.gieffepatrimoni.com. In GIEFFE PATRIMONI di Gerardo Festa, rispettiamo la Sua privacy ed apprezziamo il nostro rapporto con Lei, abbiamo quindi adeguato le policy relative a privacy e [&hellip;]","og_url":"https:\/\/gieffe.elwood.agency\/it\/cookie-policy-2\/","og_site_name":"Gieffe Patrimoni","article_modified_time":"2024-07-09T10:02:35+00:00","twitter_card":"summary_large_image","twitter_misc":{"Tempo di lettura stimato":"5 minuti"},"schema":{"@context":"https:\/\/schema.org","@graph":[{"@type":"WebPage","@id":"https:\/\/gieffe.elwood.agency\/it\/cookie-policy-2\/","url":"https:\/\/gieffe.elwood.agency\/it\/cookie-policy-2\/","name":"Cookie Policy - Gieffe Patrimoni","isPartOf":{"@id":"https:\/\/gieffe.elwood.agency\/it\/#website"},"datePublished":"2024-07-09T10:02:03+00:00","dateModified":"2024-07-09T10:02:35+00:00","breadcrumb":{"@id":"https:\/\/gieffe.elwood.agency\/it\/cookie-policy-2\/#breadcrumb"},"inLanguage":"it-IT","potentialAction":[{"@type":"ReadAction","target":["https:\/\/gieffe.elwood.agency\/it\/cookie-policy-2\/"]}]},{"@type":"BreadcrumbList","@id":"https:\/\/gieffe.elwood.agency\/it\/cookie-policy-2\/#breadcrumb","itemListElement":[{"@type":"ListItem","position":1,"name":"Gieffe Patrimoni","item":"https:\/\/gieffe.elwood.agency\/it\/"},{"@type":"ListItem","position":2,"name":"Cookie Policy"}]},{"@type":"WebSite","@id":"https:\/\/gieffe.elwood.agency\/it\/#website","url":"https:\/\/gieffe.elwood.agency\/it\/","name":"Gieffe Patrimoni","description":"","publisher":{"@id":"https:\/\/gieffe.elwood.agency\/it\/#organization"},"potentialAction":[{"@type":"SearchAction","target":{"@type":"EntryPoint","urlTemplate":"https:\/\/gieffe.elwood.agency\/it\/?s={search_term_string}"},"query-input":"required name=search_term_string"}],"inLanguage":"it-IT"},{"@type":"Organization","@id":"https:\/\/gieffe.elwood.agency\/it\/#organization","name":"Gieffe Patrimoni","url":"https:\/\/gieffe.elwood.agency\/it\/","logo":{"@type":"ImageObject","inLanguage":"it-IT","@id":"https:\/\/gieffe.elwood.agency\/it\/#\/schema\/logo\/image\/","url":"https:\/\/gieffe.elwood.agency\/wp-content\/uploads\/2024\/04\/logo-1.svg","contentUrl":"https:\/\/gieffe.elwood.agency\/wp-content\/uploads\/2024\/04\/logo-1.svg","width":344,"height":78,"caption":"Gieffe Patrimoni"},"image":{"@id":"https:\/\/gieffe.elwood.agency\/it\/#\/schema\/logo\/image\/"}}]}},"_links":{"self":[{"href":"https:\/\/gieffe.elwood.agency\/it\/wp-json\/wp\/v2\/pages\/59447","targetHints":{"allow":["GET"]}}],"collection":[{"href":"https:\/\/gieffe.elwood.agency\/it\/wp-json\/wp\/v2\/pages"}],"about":[{"href":"https:\/\/gieffe.elwood.agency\/it\/wp-json\/wp\/v2\/types\/page"}],"author":[{"embeddable":true,"href":"https:\/\/gieffe.elwood.agency\/it\/wp-json\/wp\/v2\/users\/1"}],"replies":[{"embeddable":true,"href":"https:\/\/gieffe.elwood.agency\/it\/wp-json\/wp\/v2\/comments?post=59447"}],"version-history":[{"count":4,"href":"https:\/\/gieffe.elwood.agency\/it\/wp-json\/wp\/v2\/pages\/59447\/revisions"}],"predecessor-version":[{"id":59453,"href":"https:\/\/gieffe.elwood.agency\/it\/wp-json\/wp\/v2\/pages\/59447\/revisions\/59453"}],"wp:attachment":[{"href":"https:\/\/gieffe.elwood.agency\/it\/wp-json\/wp\/v2\/media?parent=59447"}],"curies":[{"name":"wp","href":"https:\/\/api.w.org\/{rel}","templated":true}]}}