{"id":51962,"date":"2024-06-27T09:57:30","date_gmt":"2024-06-27T07:57:30","guid":{"rendered":"https:\/\/gieffe.elwood.agency\/?page_id=51962"},"modified":"2024-10-08T10:08:35","modified_gmt":"2024-10-08T08:08:35","slug":"commerciale","status":"publish","type":"page","link":"https:\/\/gieffe.elwood.agency\/it\/commerciale\/","title":{"rendered":"Commerciale"},"content":{"rendered":"\t\t<div data-elementor-type=\"wp-page\" data-elementor-id=\"51962\" class=\"elementor elementor-51962\" data-elementor-post-type=\"page\">\n\t\t\t\t<div class=\"elementor-element elementor-element-c4123c2 ew-container mb-150 hero-banner-chi-siamo e-flex e-con-boxed e-con e-parent\" data-id=\"c4123c2\" data-element_type=\"container\" id=\"heroBannerChiSiamo\" data-settings=\"{&quot;background_background&quot;:&quot;classic&quot;}\">\n\t\t\t\t\t<div class=\"e-con-inner\">\n\t\t<div class=\"elementor-element elementor-element-335fdcdd e-flex e-con-boxed e-con e-child\" data-id=\"335fdcdd\" data-element_type=\"container\">\n\t\t\t\t\t<div class=\"e-con-inner\">\n\t\t<div class=\"elementor-element elementor-element-34f14d69 e-con-full ps-50 mb-2 mb-md-0 e-flex e-con e-child\" data-id=\"34f14d69\" data-element_type=\"container\">\n\t\t\t\t<div class=\"elementor-element elementor-element-56e1d939 fs-60 cormorant white fw-medium mb-3 elementor-widget elementor-widget-heading\" data-id=\"56e1d939\" data-element_type=\"widget\" data-widget_type=\"heading.default\">\n\t\t\t\t<div class=\"elementor-widget-container\">\n\t\t\t<style>\/*! elementor - v3.21.0 - 30-04-2024 *\/\n.elementor-heading-title{padding:0;margin:0;line-height:1}.elementor-widget-heading .elementor-heading-title[class*=elementor-size-]>a{color:inherit;font-size:inherit;line-height:inherit}.elementor-widget-heading .elementor-heading-title.elementor-size-small{font-size:15px}.elementor-widget-heading .elementor-heading-title.elementor-size-medium{font-size:19px}.elementor-widget-heading .elementor-heading-title.elementor-size-large{font-size:29px}.elementor-widget-heading .elementor-heading-title.elementor-size-xl{font-size:39px}.elementor-widget-heading .elementor-heading-title.elementor-size-xxl{font-size:59px}<\/style><div class=\"elementor-heading-title elementor-size-default\">Commerciale<\/div>\t\t<\/div>\n\t\t\t\t<\/div>\n\t\t\t\t<div class=\"elementor-element elementor-element-9d9f472 work-sans white fw-light fs-20 mb-4  pps elementor-widget elementor-widget-heading\" data-id=\"9d9f472\" data-element_type=\"widget\" data-widget_type=\"heading.default\">\n\t\t\t\t<div class=\"elementor-widget-container\">\n\t\t\t<div class=\"elementor-heading-title elementor-size-default\">Gieffe Patrimoni RealEstateAdvisor segue e accompagna il Cliente che intende operare nel settore degli investimenti immobiliari commerciali, sia reddituali che di sviluppo, attraverso l'esperienza di professionisti altamente qualificati garantendo consulenza e assistenza strategica globale in Italia e all'estero.\n<\/div>\t\t<\/div>\n\t\t\t\t<\/div>\n\t\t\t\t<\/div>\n\t\t\t\t\t<\/div>\n\t\t\t\t<\/div>\n\t\t\t\t\t<\/div>\n\t\t\t\t<\/div>\n\t\t<div class=\"elementor-element elementor-element-12f6ebd3 ew-container mb-150 e-flex e-con-boxed e-con e-parent\" data-id=\"12f6ebd3\" data-element_type=\"container\" id=\"residenzialeInvestimenti\">\n\t\t\t\t\t<div class=\"e-con-inner\">\n\t\t<div class=\"elementor-element elementor-element-71f4d7ce ps-200 pe-200 e-flex e-con-boxed e-con e-child\" data-id=\"71f4d7ce\" data-element_type=\"container\">\n\t\t\t\t\t<div class=\"e-con-inner\">\n\t\t<div class=\"elementor-element elementor-element-3e775e28 e-flex e-con-boxed e-con e-child\" data-id=\"3e775e28\" data-element_type=\"container\">\n\t\t\t\t\t<div class=\"e-con-inner\">\n\t\t\t\t<div class=\"elementor-element elementor-element-5ad48722 fs-20 work-sans grigio-scuro  elementor-widget elementor-widget-text-editor\" data-id=\"5ad48722\" data-element_type=\"widget\" data-widget_type=\"text-editor.default\">\n\t\t\t\t<div class=\"elementor-widget-container\">\n\t\t\t<style>\/*! elementor - v3.21.0 - 30-04-2024 *\/\n.elementor-widget-text-editor.elementor-drop-cap-view-stacked .elementor-drop-cap{background-color:#69727d;color:#fff}.elementor-widget-text-editor.elementor-drop-cap-view-framed .elementor-drop-cap{color:#69727d;border:3px solid;background-color:transparent}.elementor-widget-text-editor:not(.elementor-drop-cap-view-default) .elementor-drop-cap{margin-top:8px}.elementor-widget-text-editor:not(.elementor-drop-cap-view-default) .elementor-drop-cap-letter{width:1em;height:1em}.elementor-widget-text-editor .elementor-drop-cap{float:left;text-align:center;line-height:1;font-size:50px}.elementor-widget-text-editor .elementor-drop-cap-letter{display:inline-block}<\/style>\t\t\t\t<p>L&#8217;obiettivo \u00e8 individuare soluzioni perfettamente idonee per aziende, fondi e investitori privati che vogliano operare in questo mercato, assicurando l&#8217;analisi e la ricerca costante delle migliori posizioni commerciali.<\/p><p>VENDITE E LOCAZIONI COMMERCIALI<\/p><p>VENDITE E LOCAZIONI ATTIVITA&#8217; COMMERCIALI<\/p><p>SVILUPPO E GESTIONE COMMERCIALE \/ PROPERTIES<\/p>\t\t\t\t\t\t<\/div>\n\t\t\t\t<\/div>\n\t\t\t\t\t<\/div>\n\t\t\t\t<\/div>\n\t\t\t\t\t<\/div>\n\t\t\t\t<\/div>\n\t\t\t\t\t<\/div>\n\t\t\t\t<\/div>\n\t\t<div class=\"elementor-element elementor-element-c9eaf71 ew-container mb-150 content-residenziale e-flex e-con-boxed e-con e-parent\" data-id=\"c9eaf71\" data-element_type=\"container\" id=\"contentResideziale\">\n\t\t\t\t\t<div class=\"e-con-inner\">\n\t\t<div class=\"elementor-element elementor-element-3148c4e pe-200 ps-78  e-flex e-con-boxed e-con e-child\" data-id=\"3148c4e\" data-element_type=\"container\">\n\t\t\t\t\t<div class=\"e-con-inner\">\n\t\t<div class=\"elementor-element elementor-element-1d8039c e-flex e-con-boxed e-con e-child\" data-id=\"1d8039c\" data-element_type=\"container\">\n\t\t\t\t\t<div class=\"e-con-inner\">\n\t\t<div class=\"elementor-element elementor-element-0aa6ee4 bg-img-08 mb-40-mobile e-flex e-con-boxed e-con e-child\" data-id=\"0aa6ee4\" data-element_type=\"container\" data-settings=\"{&quot;background_background&quot;:&quot;classic&quot;}\">\n\t\t\t\t\t<div class=\"e-con-inner\">\n\t\t\t\t\t<\/div>\n\t\t\t\t<\/div>\n\t\t\t\t\t<\/div>\n\t\t\t\t<\/div>\n\t\t\t\t\t<\/div>\n\t\t\t\t<\/div>\n\t\t<div class=\"elementor-element elementor-element-5938521 ps-200 pe-78  e-flex e-con-boxed e-con e-child\" data-id=\"5938521\" data-element_type=\"container\">\n\t\t\t\t\t<div class=\"e-con-inner\">\n\t\t<div class=\"elementor-element elementor-element-d04925a e-flex e-con-boxed e-con e-child\" data-id=\"d04925a\" data-element_type=\"container\">\n\t\t\t\t\t<div class=\"e-con-inner\">\n\t\t\t\t<div class=\"elementor-element elementor-element-db234aa fs-40 lh-125 cormorant mb-44 fw-medium grigio-scuro elementor-widget elementor-widget-heading\" data-id=\"db234aa\" data-element_type=\"widget\" data-widget_type=\"heading.default\">\n\t\t\t\t<div class=\"elementor-widget-container\">\n\t\t\t<div class=\"elementor-heading-title elementor-size-default\">Massima attenzione e professionalit\u00e0 nella gestione e nello sviluppo di progetti d'investimento immobiliare commerciale di successo.\n<\/div>\t\t<\/div>\n\t\t\t\t<\/div>\n\t\t\t\t<div class=\"elementor-element elementor-element-1260fe3 fs-20 work-sans grigio-scuro  elementor-widget elementor-widget-text-editor\" data-id=\"1260fe3\" data-element_type=\"widget\" data-widget_type=\"text-editor.default\">\n\t\t\t\t<div class=\"elementor-widget-container\">\n\t\t\t\t\t\t\t<p>Gieffe Patrimoni \u00e8 un partner strategico unico, capacit\u00e0, seriet\u00e0 e velocit\u00e0 sono i suoi tratti distintivi.<br \/>Con un network attivo sull&#8217;intero territorio nazionale, Gieffe Patrimoni monitora costantemente il settore commerciale consentendo lo sviluppo di una minuziosa mappatura delle location in tutte le principali citt\u00e0 in Italia.<br \/>Il network di operatori del settore che si estende in maniera capillare sul territorio nazionale, ha l&#8217;obiettivo di identificare l&#8217;immobile ideale per ogni progetto in tempi molto rapidi.<\/p>\t\t\t\t\t\t<\/div>\n\t\t\t\t<\/div>\n\t\t\t\t\t<\/div>\n\t\t\t\t<\/div>\n\t\t\t\t\t<\/div>\n\t\t\t\t<\/div>\n\t\t\t\t\t<\/div>\n\t\t\t\t<\/div>\n\t\t<div class=\"elementor-element elementor-element-bac3785 ew-container mb-150 content-residenziale e-flex e-con-boxed e-con e-parent\" data-id=\"bac3785\" data-element_type=\"container\">\n\t\t\t\t\t<div class=\"e-con-inner\">\n\t\t<div class=\"elementor-element elementor-element-36442e6 ps-200 pe-78  mb-100  e-flex e-con-boxed e-con e-child\" data-id=\"36442e6\" data-element_type=\"container\">\n\t\t\t\t\t<div class=\"e-con-inner\">\n\t\t<div class=\"elementor-element elementor-element-ba56041 e-flex e-con-boxed e-con e-child\" data-id=\"ba56041\" data-element_type=\"container\">\n\t\t\t\t\t<div class=\"e-con-inner\">\n\t\t\t\t<div class=\"elementor-element elementor-element-abd7602 fs-20 work-sans grigio-scuro  elementor-widget elementor-widget-text-editor\" data-id=\"abd7602\" data-element_type=\"widget\" data-widget_type=\"text-editor.default\">\n\t\t\t\t<div class=\"elementor-widget-container\">\n\t\t\t\t\t\t\t<p>Gieffe Patrimoni opera nel settore delle vendite e locazioni commerciali per gli immobili retail che pi\u00f9 si adattano alle esigenze di investimento o acquisto concretizzando le proposte nel minor tempo possibile grazie alla profonda conoscenza del mercato immobiliare nazionale ed internazionale.<\/p><p>La conoscenza specifica del mercato nazionale e internazionale permette di assistere gli investitori in tutte le fasi di questo delicatissimo processo:<\/p><ul><li><strong>ricerca dell&#8217;immobile e degli spazi<\/strong><\/li><li><strong>analisi di fattibilit\u00e0 immobiliare<\/strong><\/li><li><strong>commercializzazione e messa a reddito<\/strong><\/li><\/ul><p><strong>Gieffe Patrimoni si avvale di un team di professionisti<\/strong> con una profonda conoscenza del mercato immobiliare, in grado di offrire un accurato servizio di valutazione specifico per ogni tipologia e problematica di settore:<\/p><ul><li><strong>Valutazione commerciale e analisi strategica di singoli immobili o di patrimoni immobiliari commerciali<\/strong><\/li><li><strong>Analisi reddituale di singoli immobili o di patrimoni immobiliari commerciali<\/strong><\/li><\/ul>\t\t\t\t\t\t<\/div>\n\t\t\t\t<\/div>\n\t\t\t\t\t<\/div>\n\t\t\t\t<\/div>\n\t\t\t\t\t<\/div>\n\t\t\t\t<\/div>\n\t\t<div class=\"elementor-element elementor-element-35e3448 ps-200 pe-78 e-flex e-con-boxed e-con e-child\" data-id=\"35e3448\" data-element_type=\"container\">\n\t\t\t\t\t<div class=\"e-con-inner\">\n\t\t<div class=\"elementor-element elementor-element-81c9b41 e-flex e-con-boxed e-con e-child\" data-id=\"81c9b41\" data-element_type=\"container\">\n\t\t\t\t\t<div class=\"e-con-inner\">\n\t\t<div class=\"elementor-element elementor-element-84168c6 bg-img-08 mb-40-mobile e-flex e-con-boxed e-con e-child\" data-id=\"84168c6\" data-element_type=\"container\" data-settings=\"{&quot;background_background&quot;:&quot;classic&quot;}\">\n\t\t\t\t\t<div class=\"e-con-inner\">\n\t\t\t\t\t<\/div>\n\t\t\t\t<\/div>\n\t\t\t\t\t<\/div>\n\t\t\t\t<\/div>\n\t\t\t\t\t<\/div>\n\t\t\t\t<\/div>\n\t\t\t\t\t<\/div>\n\t\t\t\t<\/div>\n\t\t<div class=\"elementor-element elementor-element-4e9a21b ew-container mb-100 e-flex e-con-boxed e-con e-parent\" data-id=\"4e9a21b\" data-element_type=\"container\">\n\t\t\t\t\t<div class=\"e-con-inner\">\n\t\t<div class=\"elementor-element elementor-element-05543f5 ps-200 pe-78  e-flex e-con-boxed e-con e-child\" data-id=\"05543f5\" data-element_type=\"container\">\n\t\t\t\t\t<div class=\"e-con-inner\">\n\t\t<div class=\"elementor-element elementor-element-ccbc6b6 e-flex e-con-boxed e-con e-child\" data-id=\"ccbc6b6\" data-element_type=\"container\">\n\t\t\t\t\t<div class=\"e-con-inner\">\n\t\t\t\t<div class=\"elementor-element elementor-element-a1e064d fs-40 lh-125 cormorant mb-44 fw-medium elementor-widget elementor-widget-heading\" data-id=\"a1e064d\" data-element_type=\"widget\" data-widget_type=\"heading.default\">\n\t\t\t\t<div class=\"elementor-widget-container\">\n\t\t\t<div class=\"elementor-heading-title elementor-size-default\">In virt\u00f9 del suo percorso societario e finanziario, Gieffe Patrimoni gode di rapporti fiduciari e privilegiati con alcuni tra i pi\u00f9 importanti istituti di credito e fondi di investimento commerciale.<\/div>\t\t<\/div>\n\t\t\t\t<\/div>\n\t\t\t\t<div class=\"elementor-element elementor-element-a62b858 fs-20 work-sans fw-light grigio-scuro  elementor-widget elementor-widget-text-editor\" data-id=\"a62b858\" data-element_type=\"widget\" data-widget_type=\"text-editor.default\">\n\t\t\t\t<div class=\"elementor-widget-container\">\n\t\t\t\t\t\t\t<p>Gieffe Patrimoni opera nel settore delle vendite e locazioni di attivit\u00e0 commerciali dove ogni proposta \u00e8 documentata nei minimi dettagli per permettere una valutazione a primo impatto che sia il pi\u00f9 realistica possibile. Analisi del fatturato \/ due diligence \/ key-money \/ free-rent ed ogni aspetto relativo alla redditivit\u00e0 dell&#8217;attivit\u00e0, avvalendosi della consulenza e della collaborazione dei pi\u00f9 importanti developers commerciali.<\/p><p>Gieffe Patrimoni \u00e8 partner strategico per lo sviluppo e la gestione di asset commerciali Progetti con aree di specificit\u00e0 differenti vengono gestiti mantenendo la cura dei dettagli grazie all&#8217;esperienza maturata nel corso degli anni. Gieffe Patrimoni grazie all&#8217;Intelligenza Artificiale e i Big Data \u00e8 in grado di identificare e realizzare uno spazio commerciale dando risposte personalizzate a tutte le esigenze in ambito retail e non solo.<\/p><p>La conoscenza e l&#8217;analisi del mercato consente di svolgere dettagliati studi preliminari sull&#8217;idoneit\u00e0 e fattibilit\u00e0 di ogni investimento.<\/p>\t\t\t\t\t\t<\/div>\n\t\t\t\t<\/div>\n\t\t\t\t\t<\/div>\n\t\t\t\t<\/div>\n\t\t\t\t\t<\/div>\n\t\t\t\t<\/div>\n\t\t<div class=\"elementor-element elementor-element-1c4e72a pe-200 ps-78  e-flex e-con-boxed e-con e-child\" data-id=\"1c4e72a\" data-element_type=\"container\">\n\t\t\t\t\t<div class=\"e-con-inner\">\n\t\t<div class=\"elementor-element elementor-element-d154270 e-flex e-con-boxed e-con e-child\" data-id=\"d154270\" data-element_type=\"container\">\n\t\t\t\t\t<div class=\"e-con-inner\">\n\t\t<div class=\"elementor-element elementor-element-797ddb6 bg-img-08 mb-40-mobile e-flex e-con-boxed e-con e-child\" data-id=\"797ddb6\" data-element_type=\"container\" data-settings=\"{&quot;background_background&quot;:&quot;classic&quot;}\">\n\t\t\t\t\t<div class=\"e-con-inner\">\n\t\t\t\t\t<\/div>\n\t\t\t\t<\/div>\n\t\t\t\t\t<\/div>\n\t\t\t\t<\/div>\n\t\t\t\t\t<\/div>\n\t\t\t\t<\/div>\n\t\t\t\t\t<\/div>\n\t\t\t\t<\/div>\n\t\t<div class=\"elementor-element elementor-element-2c63db2 ew-container nostra forza mb-150 e-flex e-con-boxed e-con e-parent\" data-id=\"2c63db2\" data-element_type=\"container\" id=\"nostraForza\">\n\t\t\t\t\t<div class=\"e-con-inner\">\n\t\t<div class=\"elementor-element elementor-element-de81fa1 ps-200 pe-200 e-flex e-con-boxed e-con e-child\" data-id=\"de81fa1\" data-element_type=\"container\">\n\t\t\t\t\t<div class=\"e-con-inner\">\n\t\t\t\t<div class=\"elementor-element elementor-element-8c766ab fs-40 lh-125 cormorant mb-44 fw-medium elementor-widget elementor-widget-heading\" data-id=\"8c766ab\" data-element_type=\"widget\" data-widget_type=\"heading.default\">\n\t\t\t\t<div class=\"elementor-widget-container\">\n\t\t\t<div class=\"elementor-heading-title elementor-size-default\">Gieffe Patrimoni assiste il Cliente nella gestione del patrimonio immobiliare commerciale<\/div>\t\t<\/div>\n\t\t\t\t<\/div>\n\t\t\t\t<div class=\"elementor-element elementor-element-6c7dfcf fs-20 fw-light grigio-scuro  elementor-widget elementor-widget-text-editor\" data-id=\"6c7dfcf\" data-element_type=\"widget\" data-widget_type=\"text-editor.default\">\n\t\t\t\t<div class=\"elementor-widget-container\">\n\t\t\t\t\t\t\t<p>La lunga esperienza sul territorio nazionale ed internazionale, permette di mettere a disposizione una vasta scelta di soluzioni adatte a tutte le esigenze, assistendo i suoi clienti sia in Italia che all&#8217;Estero. Non limitandosi a selezionare gli immobili in vendita, ma puntando a fornire un servizio completo che comprende sia gli aspetti burocratici della vendita che tutta la strategia pubblicitaria correlata attraverso l&#8217;esperienza nell&#8217;aiutare gli investitori a massimizzare il loro ritorno sull&#8217;investimento.\u00a0<\/p>\t\t\t\t\t\t<\/div>\n\t\t\t\t<\/div>\n\t\t\t\t\t<\/div>\n\t\t\t\t<\/div>\n\t\t\t\t\t<\/div>\n\t\t\t\t<\/div>\n\t\t\t\t<\/div>\n\t\t","protected":false},"excerpt":{"rendered":"<p>Commerciale Gieffe Patrimoni RealEstateAdvisor segue e accompagna il Cliente che intende operare nel settore degli investimenti immobiliari commerciali, sia reddituali che di sviluppo, attraverso l&#8217;esperienza di professionisti altamente qualificati garantendo consulenza e assistenza strategica globale in Italia e all&#8217;estero. L&#8217;obiettivo \u00e8 individuare soluzioni perfettamente idonee per aziende, fondi e investitori privati che vogliano operare in [&hellip;]<\/p>\n","protected":false},"author":1,"featured_media":0,"parent":0,"menu_order":0,"comment_status":"closed","ping_status":"closed","template":"","meta":{"_acf_changed":false,"inline_featured_image":false,"footnotes":""},"class_list":["post-51962","page","type-page","status-publish","hentry"],"acf":[],"yoast_head":"<!-- This site is optimized with the Yoast SEO plugin v22.8 - https:\/\/yoast.com\/wordpress\/plugins\/seo\/ -->\n<title>Commerciale - Gieffe Patrimoni<\/title>\n<meta name=\"description\" content=\"Gieffe si occupa della vendita commerciale di immobili di prestigio: attivit\u00e0 e location di livello, in posizioni strategiche\" \/>\n<meta name=\"robots\" content=\"noindex, follow, max-snippet:-1, max-image-preview:large, max-video-preview:-1\" \/>\n<meta property=\"og:locale\" content=\"it_IT\" \/>\n<meta property=\"og:type\" content=\"article\" \/>\n<meta property=\"og:title\" content=\"Commerciale - Gieffe Patrimoni\" \/>\n<meta property=\"og:description\" content=\"Gieffe si occupa della vendita commerciale di immobili di prestigio: attivit\u00e0 e location di livello, in posizioni strategiche\" \/>\n<meta property=\"og:url\" content=\"https:\/\/gieffe.elwood.agency\/it\/commerciale\/\" \/>\n<meta property=\"og:site_name\" content=\"Gieffe Patrimoni\" \/>\n<meta property=\"article:modified_time\" content=\"2024-10-08T08:08:35+00:00\" \/>\n<meta name=\"twitter:card\" content=\"summary_large_image\" \/>\n<meta name=\"twitter:label1\" content=\"Tempo di lettura stimato\" \/>\n\t<meta name=\"twitter:data1\" content=\"3 minuti\" \/>\n<script type=\"application\/ld+json\" class=\"yoast-schema-graph\">{\"@context\":\"https:\/\/schema.org\",\"@graph\":[{\"@type\":\"WebPage\",\"@id\":\"https:\/\/gieffe.elwood.agency\/it\/commerciale\/\",\"url\":\"https:\/\/gieffe.elwood.agency\/it\/commerciale\/\",\"name\":\"Commerciale - Gieffe Patrimoni\",\"isPartOf\":{\"@id\":\"https:\/\/gieffe.elwood.agency\/it\/#website\"},\"datePublished\":\"2024-06-27T07:57:30+00:00\",\"dateModified\":\"2024-10-08T08:08:35+00:00\",\"description\":\"Gieffe si occupa della vendita commerciale di immobili di prestigio: attivit\u00e0 e location di livello, in posizioni strategiche\",\"breadcrumb\":{\"@id\":\"https:\/\/gieffe.elwood.agency\/it\/commerciale\/#breadcrumb\"},\"inLanguage\":\"it-IT\",\"potentialAction\":[{\"@type\":\"ReadAction\",\"target\":[\"https:\/\/gieffe.elwood.agency\/it\/commerciale\/\"]}]},{\"@type\":\"BreadcrumbList\",\"@id\":\"https:\/\/gieffe.elwood.agency\/it\/commerciale\/#breadcrumb\",\"itemListElement\":[{\"@type\":\"ListItem\",\"position\":1,\"name\":\"Gieffe Patrimoni\",\"item\":\"https:\/\/gieffe.elwood.agency\/it\/\"},{\"@type\":\"ListItem\",\"position\":2,\"name\":\"Commerciale\"}]},{\"@type\":\"WebSite\",\"@id\":\"https:\/\/gieffe.elwood.agency\/it\/#website\",\"url\":\"https:\/\/gieffe.elwood.agency\/it\/\",\"name\":\"Gieffe Patrimoni\",\"description\":\"\",\"publisher\":{\"@id\":\"https:\/\/gieffe.elwood.agency\/it\/#organization\"},\"potentialAction\":[{\"@type\":\"SearchAction\",\"target\":{\"@type\":\"EntryPoint\",\"urlTemplate\":\"https:\/\/gieffe.elwood.agency\/it\/?s={search_term_string}\"},\"query-input\":\"required name=search_term_string\"}],\"inLanguage\":\"it-IT\"},{\"@type\":\"Organization\",\"@id\":\"https:\/\/gieffe.elwood.agency\/it\/#organization\",\"name\":\"Gieffe Patrimoni\",\"url\":\"https:\/\/gieffe.elwood.agency\/it\/\",\"logo\":{\"@type\":\"ImageObject\",\"inLanguage\":\"it-IT\",\"@id\":\"https:\/\/gieffe.elwood.agency\/it\/#\/schema\/logo\/image\/\",\"url\":\"https:\/\/gieffe.elwood.agency\/wp-content\/uploads\/2024\/04\/logo-1.svg\",\"contentUrl\":\"https:\/\/gieffe.elwood.agency\/wp-content\/uploads\/2024\/04\/logo-1.svg\",\"width\":344,\"height\":78,\"caption\":\"Gieffe Patrimoni\"},\"image\":{\"@id\":\"https:\/\/gieffe.elwood.agency\/it\/#\/schema\/logo\/image\/\"}}]}<\/script>\n<!-- \/ Yoast SEO plugin. -->","yoast_head_json":{"title":"Commerciale - Gieffe Patrimoni","description":"Gieffe si occupa della vendita commerciale di immobili di prestigio: attivit\u00e0 e location di livello, in posizioni strategiche","robots":{"index":"noindex","follow":"follow","max-snippet":"max-snippet:-1","max-image-preview":"max-image-preview:large","max-video-preview":"max-video-preview:-1"},"og_locale":"it_IT","og_type":"article","og_title":"Commerciale - Gieffe Patrimoni","og_description":"Gieffe si occupa della vendita commerciale di immobili di prestigio: attivit\u00e0 e location di livello, in posizioni strategiche","og_url":"https:\/\/gieffe.elwood.agency\/it\/commerciale\/","og_site_name":"Gieffe Patrimoni","article_modified_time":"2024-10-08T08:08:35+00:00","twitter_card":"summary_large_image","twitter_misc":{"Tempo di lettura stimato":"3 minuti"},"schema":{"@context":"https:\/\/schema.org","@graph":[{"@type":"WebPage","@id":"https:\/\/gieffe.elwood.agency\/it\/commerciale\/","url":"https:\/\/gieffe.elwood.agency\/it\/commerciale\/","name":"Commerciale - Gieffe Patrimoni","isPartOf":{"@id":"https:\/\/gieffe.elwood.agency\/it\/#website"},"datePublished":"2024-06-27T07:57:30+00:00","dateModified":"2024-10-08T08:08:35+00:00","description":"Gieffe si occupa della vendita commerciale di immobili di prestigio: attivit\u00e0 e location di livello, in posizioni strategiche","breadcrumb":{"@id":"https:\/\/gieffe.elwood.agency\/it\/commerciale\/#breadcrumb"},"inLanguage":"it-IT","potentialAction":[{"@type":"ReadAction","target":["https:\/\/gieffe.elwood.agency\/it\/commerciale\/"]}]},{"@type":"BreadcrumbList","@id":"https:\/\/gieffe.elwood.agency\/it\/commerciale\/#breadcrumb","itemListElement":[{"@type":"ListItem","position":1,"name":"Gieffe Patrimoni","item":"https:\/\/gieffe.elwood.agency\/it\/"},{"@type":"ListItem","position":2,"name":"Commerciale"}]},{"@type":"WebSite","@id":"https:\/\/gieffe.elwood.agency\/it\/#website","url":"https:\/\/gieffe.elwood.agency\/it\/","name":"Gieffe Patrimoni","description":"","publisher":{"@id":"https:\/\/gieffe.elwood.agency\/it\/#organization"},"potentialAction":[{"@type":"SearchAction","target":{"@type":"EntryPoint","urlTemplate":"https:\/\/gieffe.elwood.agency\/it\/?s={search_term_string}"},"query-input":"required name=search_term_string"}],"inLanguage":"it-IT"},{"@type":"Organization","@id":"https:\/\/gieffe.elwood.agency\/it\/#organization","name":"Gieffe Patrimoni","url":"https:\/\/gieffe.elwood.agency\/it\/","logo":{"@type":"ImageObject","inLanguage":"it-IT","@id":"https:\/\/gieffe.elwood.agency\/it\/#\/schema\/logo\/image\/","url":"https:\/\/gieffe.elwood.agency\/wp-content\/uploads\/2024\/04\/logo-1.svg","contentUrl":"https:\/\/gieffe.elwood.agency\/wp-content\/uploads\/2024\/04\/logo-1.svg","width":344,"height":78,"caption":"Gieffe Patrimoni"},"image":{"@id":"https:\/\/gieffe.elwood.agency\/it\/#\/schema\/logo\/image\/"}}]}},"_links":{"self":[{"href":"https:\/\/gieffe.elwood.agency\/it\/wp-json\/wp\/v2\/pages\/51962","targetHints":{"allow":["GET"]}}],"collection":[{"href":"https:\/\/gieffe.elwood.agency\/it\/wp-json\/wp\/v2\/pages"}],"about":[{"href":"https:\/\/gieffe.elwood.agency\/it\/wp-json\/wp\/v2\/types\/page"}],"author":[{"embeddable":true,"href":"https:\/\/gieffe.elwood.agency\/it\/wp-json\/wp\/v2\/users\/1"}],"replies":[{"embeddable":true,"href":"https:\/\/gieffe.elwood.agency\/it\/wp-json\/wp\/v2\/comments?post=51962"}],"version-history":[{"count":115,"href":"https:\/\/gieffe.elwood.agency\/it\/wp-json\/wp\/v2\/pages\/51962\/revisions"}],"predecessor-version":[{"id":59827,"href":"https:\/\/gieffe.elwood.agency\/it\/wp-json\/wp\/v2\/pages\/51962\/revisions\/59827"}],"wp:attachment":[{"href":"https:\/\/gieffe.elwood.agency\/it\/wp-json\/wp\/v2\/media?parent=51962"}],"curies":[{"name":"wp","href":"https:\/\/api.w.org\/{rel}","templated":true}]}}