{"id":700,"date":"2024-05-08T12:09:26","date_gmt":"2024-05-08T10:09:26","guid":{"rendered":"https:\/\/gieffe.elwood.agency\/privacy-policy-en\/"},"modified":"2024-07-09T11:14:58","modified_gmt":"2024-07-09T09:14:58","slug":"privacy-policy-en","status":"publish","type":"page","link":"https:\/\/gieffe.elwood.agency\/en\/privacy-policy-en\/","title":{"rendered":"Privacy Policy EN"},"content":{"rendered":"\t\t<div data-elementor-type=\"wp-page\" data-elementor-id=\"700\" class=\"elementor elementor-700 elementor-504\" data-elementor-post-type=\"page\">\n\t\t\t\t<div class=\"elementor-element elementor-element-2477976 ew-container mt-5 mb-150 e-flex e-con-boxed e-con e-parent\" data-id=\"2477976\" data-element_type=\"container\">\n\t\t\t\t\t<div class=\"e-con-inner\">\n\t\t\t\t<div class=\"elementor-element elementor-element-fcd8294 fs-40 cormorant mb-50 elementor-widget elementor-widget-heading\" data-id=\"fcd8294\" data-element_type=\"widget\" data-widget_type=\"heading.default\">\n\t\t\t\t<div class=\"elementor-widget-container\">\n\t\t\t<style>\/*! elementor - v3.21.0 - 30-04-2024 *\/\n.elementor-heading-title{padding:0;margin:0;line-height:1}.elementor-widget-heading .elementor-heading-title[class*=elementor-size-]>a{color:inherit;font-size:inherit;line-height:inherit}.elementor-widget-heading .elementor-heading-title.elementor-size-small{font-size:15px}.elementor-widget-heading .elementor-heading-title.elementor-size-medium{font-size:19px}.elementor-widget-heading .elementor-heading-title.elementor-size-large{font-size:29px}.elementor-widget-heading .elementor-heading-title.elementor-size-xl{font-size:39px}.elementor-widget-heading .elementor-heading-title.elementor-size-xxl{font-size:59px}<\/style><div class=\"elementor-heading-title elementor-size-default\">Privacy Policy<\/div>\t\t<\/div>\n\t\t\t\t<\/div>\n\t\t\t\t<div class=\"elementor-element elementor-element-e9f9c18 elementor-widget elementor-widget-text-editor\" data-id=\"e9f9c18\" data-element_type=\"widget\" data-widget_type=\"text-editor.default\">\n\t\t\t\t<div class=\"elementor-widget-container\">\n\t\t\t<style>\/*! elementor - v3.21.0 - 30-04-2024 *\/\n.elementor-widget-text-editor.elementor-drop-cap-view-stacked .elementor-drop-cap{background-color:#69727d;color:#fff}.elementor-widget-text-editor.elementor-drop-cap-view-framed .elementor-drop-cap{color:#69727d;border:3px solid;background-color:transparent}.elementor-widget-text-editor:not(.elementor-drop-cap-view-default) .elementor-drop-cap{margin-top:8px}.elementor-widget-text-editor:not(.elementor-drop-cap-view-default) .elementor-drop-cap-letter{width:1em;height:1em}.elementor-widget-text-editor .elementor-drop-cap{float:left;text-align:center;line-height:1;font-size:50px}.elementor-widget-text-editor .elementor-drop-cap-letter{display:inline-block}<\/style>\t\t\t\t<p>GIEFFE PATRIMONI di Gerardo Festa, con sede in Via della Rocca 19, 10123 Torino (TO), P.IVA 11711100013, in qualit\u00e0 di titolare del trattamento, intende informarLa in merito al trattamento dei suoi dati all\u2019interno del sito web: www.gieffepatrimoni.com.<br \/>Il nostro obiettivo \u00e8 quello di garantire in qualsiasi momento la tutela dei vostri dati personali. Le chiediamo, quindi, gentilmente di leggere con attenzione l&#8217;Informativa sulla Privacy per sapere quali informazioni vengono raccolte e per quale scopo vengono utilizzate.<br \/>Il Regolamento Europeo privacy 2016\/679, per dato personale, intende qualsiasi informazione riguardante una persona fisica, identificata o identificabile. Una persona fisica identificabile \u00e8 un individuo che pu\u00f2 essere identificato, in modo diretto o indiretto, tramite riferimento a identificativi quali nome, numero del documento d&#8217;identit\u00e0, dati sulla sua ubicazione, identificativo online o uno o pi\u00f9 fattori specifici dell&#8217;identit\u00e0 fisica, fisiologica, genetica, mentale, economica, culturale o sociale di tale persona.<br \/>Non sono considerati personali i dati resi anonimi o in forma aggregata in modo da non consentire pi\u00f9 l&#8217;identificazione della persona fisica specifica, nemmeno in combinazione con altre informazioni o in altri modi.<br \/>Il nostro sito web www.gieffepatrimoni.com, potrebbe contenere link esterni ad esso, tali link reindirizzano ad altri siti web che ovviamente utilizzano le loro specifiche policy su sicurezza e privacy. Nel caso vogliate visitarli, vi invitiamo a leggere attentamente le loro pagine dedicate all\u2019informativa su privacy e cookie.<br \/>GIEFFE PATRIMONI di Gerardo Festa in nessun modo ha responsabilit\u00e0 su eventuali pratiche non corrette o mancanze concernenti la vostra privacy durante la navigazione su pagine web di terze parti.<\/p>\n<p>1) TIPI DI INFORMAZIONI RACCOLTE<br \/>Di seguito sono elencate le attivit\u00e0 che pu\u00f2 svolgere sul sito e dalle quali la Societ\u00e0 pu\u00f2 acquisire Suoi dati, in particolare quando:<\/p>\n<p>A) CONTATTA IL TITOLARE DEL TRATTAMENTO PER DOMANDE<br \/>Qualora intenda porre delle domande in merito ali servizi offerti da GIEFFE PATRIMONI di Gerardo Festa scrivendo tramite il form di contatto o ad una qualsiasi delle mail con link pubblicato all\u2019interno delle pagine del sito www.gieffepatrimoni.com.<br \/>GIEFFE PATRIMONI di Gerardo Festa, in qualit\u00e0 di Titolare del trattamento, La informa che qualora intenda acquisire informazioni sui servizi offerti, GIEFFE PATRIMONI di Gerardo Festa potr\u00e0 acquisire il suo indirizzo mail nonch\u00e9 il suo nome e cognome che verranno trattati al solo fine di poterLe fornire un\u2019esauriente risposta in merito a domande e\/o osservazioni da Lei poste.<\/p>\n<p>2) FINALIT\u00c0 DEL TRATTAMENTO<br \/>Tutte le informazioni raccolte sono trattate dal Titolare del trattamento:<\/p>\n<ul>\n<li>per rispondere a sue domande.<\/li>\n<\/ul>\n<p>I suoi dati verranno trattati utilizzando strumenti manuali nonch\u00e9 strumenti informatici anche mediante l\u2019inserimento di essi in banche dati, elenchi e liste idonei alla memorizzazione, gestione e trasmissione dei dati, nei modi e nei limiti necessari al perseguimento delle predette finalit\u00e0.<br \/>I Suoi dati saranno trattati esclusivamente da persone autorizzate al trattamento.<br \/>GIEFFE PATRIMONI di Gerardo Festa non effettua processi decisionali automatizzati.<\/p>\n<p>3) NATURA DEL CONFERIMENTO DEI DATI E CONSEGUENZE DEL RIFIUTO<br \/>Il conferimento dei dati personali da parte Sua, \u00e8 facoltativo per ciascuna delle finalit\u00e0 indicate al punto 2, tuttavia, l\u2019eventuale mancato conferimento, comporter\u00e0, l&#8217;impossibilit\u00e0 di adempiere alle sue richieste.<\/p>\n<p>4) AMBITO DI COMUNICAZIONE \u2013 TRASFERIMENTO E DIFFUSIONE DEI DATI<br \/>I suoi dati personali, potranno essere comunicati a soggetti terzi, espressamente nominati responsabili del trattamento, sempre per il perseguimento delle finalit\u00e0 indicate e nei limiti previsti dalla relativa normativa.<br \/>Ai dati potrebbero accedere (per finalit\u00e0 di assistenza al sito, agli applicativi, alla rete informatiche e per la connettivit\u00e0) nostri tecnici incaricati o consulenti esterni nominati anch\u2019essi responsabili del trattamento.<br \/>Infine, potranno essere comunicati ai soggetti legittimati ad accedervi in forza di disposizioni di legge, regolamenti, normative comunitarie. In ogni caso, i dati personali conferiti non saranno oggetto di diffusione.<\/p>\n<p>5) SICUREZZA DEI VOSTRI DATI PERSONALI<br \/>Per proteggere i dati personali da accesso, divulgazione e modifica non autorizzati, abbiamo implementato dal punto di vista tecnico i sistemi di protezione e le relative misure di sicurezza che ne garantiscono la tutela. Queste misure di sicurezza vengono di volta in volta adattate per ottenere ogni volta un elevato livello di sicurezza. Tuttavia, tenete presente che, malgrado i nostri sforzi, nessuna misura di sicurezza \u00e8 perfetta o impenetrabile. Inoltre, per aiutarci a mantenere alto il livello di sicurezza, vi chiediamo di custodire il vostro nome utente e password e di non svelarli a terzi.<\/p>\n<p>6) DIRITTI DELL\u2019INTERESSATO<br \/>La informiamo che il Regolamento europeo all\u2019art. 15 e seg. Le conferisce i seguenti diritti:<\/p>\n<ul>\n<li>di accesso ossia la possibilit\u00e0 di ottenere la conferma che sia o meno in corso un trattamento e di acquisire informazioni in merito a: finalit\u00e0 di esso, categorie di dati personali in questione, destinatari dei dati in particolare se Paesi terzi, il periodo di conservazione ove possibile e le modalit\u00e0 del loro trattamento,<\/li>\n<li>alla rettifica e all\u2019integrazione dei dati,<\/li>\n<li>alla cancellazione, ogni qualvolta i dati non siano necessari rispetto alle finalit\u00e0 oppure qualora decidesse di revocare il consenso o si opponesse al trattamento o ancora qualora i dati fossero trattati illecitamente;<\/li>\n<li>alla limitazione del trattamento nel caso in cui contesti l\u2019esattezza dei dati personali per il periodo necessario per effettuare le relative verifiche, oppure il trattamento sia illecito, o qualora bench\u00e8 il titolare del trattamento non abbia pi\u00f9 bisogno dei suoi dati, lei richieda la conservazione per finalit\u00e0 giudiziarie;<\/li>\n<li>alla portabilit\u00e0 dei dati ad altro titolare, qualora il trattamento avvenga con mezzi automatizzati o sia basato sul consenso;<\/li>\n<li>di opporsi al trattamento dei propri dati personali in presenza di giustificati motivi o nel caso in cui gli stessi siano utilizzati per l\u2019invio di materiale pubblicitario, di direct marketing o per il compimento di indagini di mercato;<\/li>\n<li>a proporre reclamo avanti all\u2019Autorit\u00e0.<\/li>\n<\/ul>\n<p>Qualora decidesse di esercitare i diritti sopra descritti o in caso di violazione dei dati personali potr\u00e0 contattare il titolare del trattamento al seguente indirizzo mail: privacy@gieffepatrimoni.com.<\/p>\n<p>7) CONSERVAZIONE DEI DATI<br \/>Il Titolare del trattamento conserva e tratta i dati personali per il tempo necessario ad adempiere alle finalit\u00e0 indicate, in particolare per l\u2019attivit\u00e0 promozionale i dati vengono conservati per 24 mesi e poi aggiornati e se necessario cancellati.<br \/>I dati raccolti per rispondere a sue domande non saranno oggetto di conservazione.<\/p>\n<p>8) NEL CASO IN CUI SIATE DI ET\u00c0 INFERIORE AI 16 ANNI<br \/>I nostri siti web sono riferiti a un&#8217;audience generalista e non sono rivolti ai minori. Non raccogliamo consapevolmente dati personali di utenti che in base alle leggi del loro Paese sono considerati minori.<\/p>\n<p>9) TITOLARE DEL TRATTAMENTO<br \/>Il Titolare del trattamento dei dati personali \u00e8 GIEFFE PATRIMONI di Gerardo Festa, con sede in Via della Rocca 19, 10123 Torino (TO), qualora intendesse acquisire informazioni sulla protezione dei dati personali o segnalare violazioni riguardanti i dati personali potr\u00e0 scrivere all\u2019indirizzo di posta sopra indicato.<\/p>\n\t\t\t\t\t\t<\/div>\n\t\t\t\t<\/div>\n\t\t\t\t\t<\/div>\n\t\t\t\t<\/div>\n\t\t\t\t<\/div>\n\t\t","protected":false},"excerpt":{"rendered":"<p>Privacy Policy GIEFFE PATRIMONI di Gerardo Festa, con sede in Via della Rocca 19, 10123 Torino (TO), P.IVA 11711100013, in qualit\u00e0 di titolare del trattamento, intende informarLa in merito al trattamento dei suoi dati all\u2019interno del sito web: www.gieffepatrimoni.com.Il nostro obiettivo \u00e8 quello di garantire in qualsiasi momento la tutela dei vostri dati personali. Le [&hellip;]<\/p>\n","protected":false},"author":1,"featured_media":0,"parent":0,"menu_order":0,"comment_status":"closed","ping_status":"closed","template":"","meta":{"_acf_changed":false,"inline_featured_image":false,"footnotes":""},"class_list":["post-700","page","type-page","status-publish","hentry"],"acf":[],"yoast_head":"<!-- This site is optimized with the Yoast SEO plugin v22.8 - https:\/\/yoast.com\/wordpress\/plugins\/seo\/ -->\n<title>Privacy Policy EN - Gieffe Patrimoni<\/title>\n<meta name=\"robots\" content=\"noindex, follow, max-snippet:-1, max-image-preview:large, max-video-preview:-1\" \/>\n<meta property=\"og:locale\" content=\"en_US\" \/>\n<meta property=\"og:type\" content=\"article\" \/>\n<meta property=\"og:title\" content=\"Privacy Policy EN - Gieffe Patrimoni\" \/>\n<meta property=\"og:description\" content=\"Privacy Policy GIEFFE PATRIMONI di Gerardo Festa, con sede in Via della Rocca 19, 10123 Torino (TO), P.IVA 11711100013, in qualit\u00e0 di titolare del trattamento, intende informarLa in merito al trattamento dei suoi dati all\u2019interno del sito web: www.gieffepatrimoni.com.Il nostro obiettivo \u00e8 quello di garantire in qualsiasi momento la tutela dei vostri dati personali. Le [&hellip;]\" \/>\n<meta property=\"og:url\" content=\"https:\/\/gieffe.elwood.agency\/it\/privacy-policy\/\" \/>\n<meta property=\"og:site_name\" content=\"Gieffe Patrimoni\" \/>\n<meta property=\"article:modified_time\" content=\"2024-07-09T09:14:58+00:00\" \/>\n<meta name=\"twitter:card\" content=\"summary_large_image\" \/>\n<meta name=\"twitter:label1\" content=\"Est. reading time\" \/>\n\t<meta name=\"twitter:data1\" content=\"5 minutes\" \/>\n<script type=\"application\/ld+json\" class=\"yoast-schema-graph\">{\"@context\":\"https:\/\/schema.org\",\"@graph\":[{\"@type\":\"WebPage\",\"@id\":\"https:\/\/gieffe.elwood.agency\/it\/privacy-policy\/\",\"url\":\"https:\/\/gieffe.elwood.agency\/it\/privacy-policy\/\",\"name\":\"Privacy Policy EN - Gieffe Patrimoni\",\"isPartOf\":{\"@id\":\"https:\/\/gieffe.elwood.agency\/it\/#website\"},\"datePublished\":\"2024-05-08T10:09:26+00:00\",\"dateModified\":\"2024-07-09T09:14:58+00:00\",\"breadcrumb\":{\"@id\":\"https:\/\/gieffe.elwood.agency\/it\/privacy-policy\/#breadcrumb\"},\"inLanguage\":\"en-US\",\"potentialAction\":[{\"@type\":\"ReadAction\",\"target\":[\"https:\/\/gieffe.elwood.agency\/it\/privacy-policy\/\"]}]},{\"@type\":\"BreadcrumbList\",\"@id\":\"https:\/\/gieffe.elwood.agency\/it\/privacy-policy\/#breadcrumb\",\"itemListElement\":[{\"@type\":\"ListItem\",\"position\":1,\"name\":\"Gieffe Patrimoni\",\"item\":\"https:\/\/gieffe.elwood.agency\/it\/\"},{\"@type\":\"ListItem\",\"position\":2,\"name\":\"Privacy Policy EN\"}]},{\"@type\":\"WebSite\",\"@id\":\"https:\/\/gieffe.elwood.agency\/it\/#website\",\"url\":\"https:\/\/gieffe.elwood.agency\/it\/\",\"name\":\"Gieffe Patrimoni\",\"description\":\"\",\"publisher\":{\"@id\":\"https:\/\/gieffe.elwood.agency\/it\/#organization\"},\"potentialAction\":[{\"@type\":\"SearchAction\",\"target\":{\"@type\":\"EntryPoint\",\"urlTemplate\":\"https:\/\/gieffe.elwood.agency\/it\/?s={search_term_string}\"},\"query-input\":\"required name=search_term_string\"}],\"inLanguage\":\"en-US\"},{\"@type\":\"Organization\",\"@id\":\"https:\/\/gieffe.elwood.agency\/it\/#organization\",\"name\":\"Gieffe Patrimoni\",\"url\":\"https:\/\/gieffe.elwood.agency\/it\/\",\"logo\":{\"@type\":\"ImageObject\",\"inLanguage\":\"en-US\",\"@id\":\"https:\/\/gieffe.elwood.agency\/it\/#\/schema\/logo\/image\/\",\"url\":\"https:\/\/gieffe.elwood.agency\/wp-content\/uploads\/2024\/04\/logo-1.svg\",\"contentUrl\":\"https:\/\/gieffe.elwood.agency\/wp-content\/uploads\/2024\/04\/logo-1.svg\",\"width\":344,\"height\":78,\"caption\":\"Gieffe Patrimoni\"},\"image\":{\"@id\":\"https:\/\/gieffe.elwood.agency\/it\/#\/schema\/logo\/image\/\"}}]}<\/script>\n<!-- \/ Yoast SEO plugin. -->","yoast_head_json":{"title":"Privacy Policy EN - Gieffe Patrimoni","robots":{"index":"noindex","follow":"follow","max-snippet":"max-snippet:-1","max-image-preview":"max-image-preview:large","max-video-preview":"max-video-preview:-1"},"og_locale":"en_US","og_type":"article","og_title":"Privacy Policy EN - Gieffe Patrimoni","og_description":"Privacy Policy GIEFFE PATRIMONI di Gerardo Festa, con sede in Via della Rocca 19, 10123 Torino (TO), P.IVA 11711100013, in qualit\u00e0 di titolare del trattamento, intende informarLa in merito al trattamento dei suoi dati all\u2019interno del sito web: www.gieffepatrimoni.com.Il nostro obiettivo \u00e8 quello di garantire in qualsiasi momento la tutela dei vostri dati personali. Le [&hellip;]","og_url":"https:\/\/gieffe.elwood.agency\/it\/privacy-policy\/","og_site_name":"Gieffe Patrimoni","article_modified_time":"2024-07-09T09:14:58+00:00","twitter_card":"summary_large_image","twitter_misc":{"Est. reading time":"5 minutes"},"schema":{"@context":"https:\/\/schema.org","@graph":[{"@type":"WebPage","@id":"https:\/\/gieffe.elwood.agency\/it\/privacy-policy\/","url":"https:\/\/gieffe.elwood.agency\/it\/privacy-policy\/","name":"Privacy Policy EN - Gieffe Patrimoni","isPartOf":{"@id":"https:\/\/gieffe.elwood.agency\/it\/#website"},"datePublished":"2024-05-08T10:09:26+00:00","dateModified":"2024-07-09T09:14:58+00:00","breadcrumb":{"@id":"https:\/\/gieffe.elwood.agency\/it\/privacy-policy\/#breadcrumb"},"inLanguage":"en-US","potentialAction":[{"@type":"ReadAction","target":["https:\/\/gieffe.elwood.agency\/it\/privacy-policy\/"]}]},{"@type":"BreadcrumbList","@id":"https:\/\/gieffe.elwood.agency\/it\/privacy-policy\/#breadcrumb","itemListElement":[{"@type":"ListItem","position":1,"name":"Gieffe Patrimoni","item":"https:\/\/gieffe.elwood.agency\/it\/"},{"@type":"ListItem","position":2,"name":"Privacy Policy EN"}]},{"@type":"WebSite","@id":"https:\/\/gieffe.elwood.agency\/it\/#website","url":"https:\/\/gieffe.elwood.agency\/it\/","name":"Gieffe Patrimoni","description":"","publisher":{"@id":"https:\/\/gieffe.elwood.agency\/it\/#organization"},"potentialAction":[{"@type":"SearchAction","target":{"@type":"EntryPoint","urlTemplate":"https:\/\/gieffe.elwood.agency\/it\/?s={search_term_string}"},"query-input":"required name=search_term_string"}],"inLanguage":"en-US"},{"@type":"Organization","@id":"https:\/\/gieffe.elwood.agency\/it\/#organization","name":"Gieffe Patrimoni","url":"https:\/\/gieffe.elwood.agency\/it\/","logo":{"@type":"ImageObject","inLanguage":"en-US","@id":"https:\/\/gieffe.elwood.agency\/it\/#\/schema\/logo\/image\/","url":"https:\/\/gieffe.elwood.agency\/wp-content\/uploads\/2024\/04\/logo-1.svg","contentUrl":"https:\/\/gieffe.elwood.agency\/wp-content\/uploads\/2024\/04\/logo-1.svg","width":344,"height":78,"caption":"Gieffe Patrimoni"},"image":{"@id":"https:\/\/gieffe.elwood.agency\/it\/#\/schema\/logo\/image\/"}}]}},"_links":{"self":[{"href":"https:\/\/gieffe.elwood.agency\/en\/wp-json\/wp\/v2\/pages\/700","targetHints":{"allow":["GET"]}}],"collection":[{"href":"https:\/\/gieffe.elwood.agency\/en\/wp-json\/wp\/v2\/pages"}],"about":[{"href":"https:\/\/gieffe.elwood.agency\/en\/wp-json\/wp\/v2\/types\/page"}],"author":[{"embeddable":true,"href":"https:\/\/gieffe.elwood.agency\/en\/wp-json\/wp\/v2\/users\/1"}],"replies":[{"embeddable":true,"href":"https:\/\/gieffe.elwood.agency\/en\/wp-json\/wp\/v2\/comments?post=700"}],"version-history":[{"count":5,"href":"https:\/\/gieffe.elwood.agency\/en\/wp-json\/wp\/v2\/pages\/700\/revisions"}],"predecessor-version":[{"id":59401,"href":"https:\/\/gieffe.elwood.agency\/en\/wp-json\/wp\/v2\/pages\/700\/revisions\/59401"}],"wp:attachment":[{"href":"https:\/\/gieffe.elwood.agency\/en\/wp-json\/wp\/v2\/media?parent=700"}],"curies":[{"name":"wp","href":"https:\/\/api.w.org\/{rel}","templated":true}]}}